{"id":110,"date":"2026-04-21T05:41:43","date_gmt":"2026-04-21T05:41:43","guid":{"rendered":"https:\/\/otizmportali.com.tr\/?page_id=110"},"modified":"2026-04-28T06:07:28","modified_gmt":"2026-04-28T06:07:28","slug":"ana-sayfa","status":"publish","type":"page","link":"https:\/\/otizmportali.com.tr\/","title":{"rendered":"Ana Sayfa"},"content":{"rendered":"\t\t<div data-elementor-type=\"wp-page\" data-elementor-id=\"110\" class=\"elementor elementor-110\">\n\t\t\t\t<div class=\"elementor-element elementor-element-a1b7a5d e-con-full e-flex e-con e-parent\" data-id=\"a1b7a5d\" data-element_type=\"container\" data-e-type=\"container\" data-settings=\"{&quot;background_background&quot;:&quot;classic&quot;}\">\n\t\t\t\t<div class=\"elementor-element elementor-element-0eb6526 elementor-widget elementor-widget-text-editor\" data-id=\"0eb6526\" data-element_type=\"widget\" data-e-type=\"widget\" data-widget_type=\"text-editor.default\">\n\t\t\t\t\t\t\t\t\t<h2>Otizmin Gelece\u011fine Bilimsel\u00a0 Bir Bak\u0131\u015f<\/h2>\t\t\t\t\t\t\t\t<\/div>\n\t\t\t\t<\/div>\n\t\t<div class=\"elementor-element elementor-element-cf43c25 e-con-full e-flex e-con e-parent\" data-id=\"cf43c25\" data-element_type=\"container\" data-e-type=\"container\">\n\t\t\t\t<\/div>\n\t\t<div class=\"elementor-element elementor-element-cc36eaa e-grid e-con-boxed e-con e-parent\" data-id=\"cc36eaa\" data-element_type=\"container\" data-e-type=\"container\">\n\t\t\t\t\t<div class=\"e-con-inner\">\n\t\t\t\t<div class=\"elementor-element elementor-element-f8fa2b8 elementor-view-default elementor-position-block-start elementor-mobile-position-block-start elementor-widget elementor-widget-icon-box\" data-id=\"f8fa2b8\" data-element_type=\"widget\" data-e-type=\"widget\" data-widget_type=\"icon-box.default\">\n\t\t\t\t\t\t\t<div class=\"elementor-icon-box-wrapper\">\n\n\t\t\t\t\t\t<div class=\"elementor-icon-box-icon\">\n\t\t\t\t<span  class=\"elementor-icon\">\n\t\t\t\t<svg aria-hidden=\"true\" class=\"e-font-icon-svg e-fas-brain\" viewBox=\"0 0 576 512\" xmlns=\"http:\/\/www.w3.org\/2000\/svg\"><path d=\"M208 0c-29.9 0-54.7 20.5-61.8 48.2-.8 0-1.4-.2-2.2-.2-35.3 0-64 28.7-64 64 0 4.8.6 9.5 1.7 14C52.5 138 32 166.6 32 200c0 12.6 3.2 24.3 8.3 34.9C16.3 248.7 0 274.3 0 304c0 33.3 20.4 61.9 49.4 73.9-.9 4.6-1.4 9.3-1.4 14.1 0 39.8 32.2 72 72 72 4.1 0 8.1-.5 12-1.2 9.6 28.5 36.2 49.2 68 49.2 39.8 0 72-32.2 72-72V64c0-35.3-28.7-64-64-64zm368 304c0-29.7-16.3-55.3-40.3-69.1 5.2-10.6 8.3-22.3 8.3-34.9 0-33.4-20.5-62-49.7-74 1-4.5 1.7-9.2 1.7-14 0-35.3-28.7-64-64-64-.8 0-1.5.2-2.2.2C422.7 20.5 397.9 0 368 0c-35.3 0-64 28.6-64 64v376c0 39.8 32.2 72 72 72 31.8 0 58.4-20.7 68-49.2 3.9.7 7.9 1.2 12 1.2 39.8 0 72-32.2 72-72 0-4.8-.5-9.5-1.4-14.1 29-12 49.4-40.6 49.4-73.9z\"><\/path><\/svg>\t\t\t\t<\/span>\n\t\t\t<\/div>\n\t\t\t\n\t\t\t\t\t\t<div class=\"elementor-icon-box-content\">\n\n\t\t\t\t\t\t\t\t\t<h3 class=\"elementor-icon-box-title\">\n\t\t\t\t\t\t<span  >\n\t\t\t\t\t\t\t4 Biyolojik Alttip\t\t\t\t\t\t<\/span>\n\t\t\t\t\t<\/h3>\n\t\t\t\t\n\t\t\t\t\t\t\t\t\t<p class=\"elementor-icon-box-description\">\n\t\t\t\t\t\tPrinceton 2025 verileriyle motor, dil, duyusal ve sosyal grupland\u0131rma.\t\t\t\t\t<\/p>\n\t\t\t\t\n\t\t\t<\/div>\n\t\t\t\n\t\t<\/div>\n\t\t\t\t\t\t<\/div>\n\t\t\t\t<div class=\"elementor-element elementor-element-70791d1 elementor-view-default elementor-position-block-start elementor-mobile-position-block-start elementor-widget elementor-widget-icon-box\" data-id=\"70791d1\" data-element_type=\"widget\" data-e-type=\"widget\" data-widget_type=\"icon-box.default\">\n\t\t\t\t\t\t\t<div class=\"elementor-icon-box-wrapper\">\n\n\t\t\t\t\t\t<div class=\"elementor-icon-box-icon\">\n\t\t\t\t<span  class=\"elementor-icon\">\n\t\t\t\t<svg aria-hidden=\"true\" class=\"e-font-icon-svg e-fas-dna\" viewBox=\"0 0 448 512\" xmlns=\"http:\/\/www.w3.org\/2000\/svg\"><path d=\"M.1 494.1c-1.1 9.5 6.3 17.8 15.9 17.8l32.3.1c8.1 0 14.9-5.9 16-13.9.7-4.9 1.8-11.1 3.4-18.1H380c1.6 6.9 2.9 13.2 3.5 18.1 1.1 8 7.9 14 16 13.9l32.3-.1c9.6 0 17.1-8.3 15.9-17.8-4.6-37.9-25.6-129-118.9-207.7-17.6 12.4-37.1 24.2-58.5 35.4 6.2 4.6 11.4 9.4 17 14.2H159.7c21.3-18.1 47-35.6 78.7-51.4C410.5 199.1 442.1 65.8 447.9 17.9 449 8.4 441.6.1 432 .1L399.6 0c-8.1 0-14.9 5.9-16 13.9-.7 4.9-1.8 11.1-3.4 18.1H67.8c-1.6-7-2.7-13.1-3.4-18.1-1.1-8-7.9-14-16-13.9L16.1.1C6.5.1-1 8.4.1 17.9 5.3 60.8 31.4 171.8 160 256 31.5 340.2 5.3 451.2.1 494.1zM224 219.6c-25.1-13.7-46.4-28.4-64.3-43.6h128.5c-17.8 15.2-39.1 30-64.2 43.6zM355.1 96c-5.8 10.4-12.8 21.1-21 32H114c-8.3-10.9-15.3-21.6-21-32h262.1zM92.9 416c5.8-10.4 12.8-21.1 21-32h219.4c8.3 10.9 15.4 21.6 21.2 32H92.9z\"><\/path><\/svg>\t\t\t\t<\/span>\n\t\t\t<\/div>\n\t\t\t\n\t\t\t\t\t\t<div class=\"elementor-icon-box-content\">\n\n\t\t\t\t\t\t\t\t\t<h3 class=\"elementor-icon-box-title\">\n\t\t\t\t\t\t<span  >\n\t\t\t\t\t\t\t230 Gen Haritas\u0131\t\t\t\t\t\t<\/span>\n\t\t\t\t\t<\/h3>\n\t\t\t\t\n\t\t\t\t\t\t\t\t\t<p class=\"elementor-icon-box-description\">\n\t\t\t\t\t\tOtizmin genetik mimarisini, risk fakt\u00f6rlerini ve en g\u00fcncel 230 genetik ba\u011flant\u0131y\u0131 detaylar\u0131yla ke\u015ffedin.\t\t\t\t\t<\/p>\n\t\t\t\t\n\t\t\t<\/div>\n\t\t\t\n\t\t<\/div>\n\t\t\t\t\t\t<\/div>\n\t\t\t\t<div class=\"elementor-element elementor-element-4878a63 elementor-view-default elementor-position-block-start elementor-mobile-position-block-start elementor-widget elementor-widget-icon-box\" data-id=\"4878a63\" data-element_type=\"widget\" data-e-type=\"widget\" data-widget_type=\"icon-box.default\">\n\t\t\t\t\t\t\t<div class=\"elementor-icon-box-wrapper\">\n\n\t\t\t\t\t\t<div class=\"elementor-icon-box-icon\">\n\t\t\t\t<span  class=\"elementor-icon\">\n\t\t\t\t<svg aria-hidden=\"true\" class=\"e-font-icon-svg e-fas-microscope\" viewBox=\"0 0 512 512\" xmlns=\"http:\/\/www.w3.org\/2000\/svg\"><path d=\"M160 320h12v16c0 8.84 7.16 16 16 16h40c8.84 0 16-7.16 16-16v-16h12c17.67 0 32-14.33 32-32V64c0-17.67-14.33-32-32-32V16c0-8.84-7.16-16-16-16h-64c-8.84 0-16 7.16-16 16v16c-17.67 0-32 14.33-32 32v224c0 17.67 14.33 32 32 32zm304 128h-1.29C493.24 413.99 512 369.2 512 320c0-105.88-86.12-192-192-192v64c70.58 0 128 57.42 128 128s-57.42 128-128 128H48c-26.51 0-48 21.49-48 48 0 8.84 7.16 16 16 16h480c8.84 0 16-7.16 16-16 0-26.51-21.49-48-48-48zm-360-32h208c4.42 0 8-3.58 8-8v-16c0-4.42-3.58-8-8-8H104c-4.42 0-8 3.58-8 8v16c0 4.42 3.58 8 8 8z\"><\/path><\/svg>\t\t\t\t<\/span>\n\t\t\t<\/div>\n\t\t\t\n\t\t\t\t\t\t<div class=\"elementor-icon-box-content\">\n\n\t\t\t\t\t\t\t\t\t<h3 class=\"elementor-icon-box-title\">\n\t\t\t\t\t\t<span  >\n\t\t\t\t\t\t\tYeni Nesil Tan\u0131\t\t\t\t\t\t<\/span>\n\t\t\t\t\t<\/h3>\n\t\t\t\t\n\t\t\t\t\t\t\t\t\t<p class=\"elementor-icon-box-description\">\n\t\t\t\t\t\tAI-EEG, Mikro-RNA ve dijital biyobelirte\u00e7ler ile te\u015fhis s\u00fcrecinde ya\u015fanan teknolojik ve bilimsel devrim.\t\t\t\t\t<\/p>\n\t\t\t\t\n\t\t\t<\/div>\n\t\t\t\n\t\t<\/div>\n\t\t\t\t\t\t<\/div>\n\t\t\t\t<div class=\"elementor-element elementor-element-e50c5c2 elementor-view-default elementor-position-block-start elementor-mobile-position-block-start elementor-widget elementor-widget-icon-box\" data-id=\"e50c5c2\" data-element_type=\"widget\" data-e-type=\"widget\" data-widget_type=\"icon-box.default\">\n\t\t\t\t\t\t\t<div class=\"elementor-icon-box-wrapper\">\n\n\t\t\t\t\t\t<div class=\"elementor-icon-box-icon\">\n\t\t\t\t<span  class=\"elementor-icon\">\n\t\t\t\t<svg aria-hidden=\"true\" class=\"e-font-icon-svg e-fas-graduation-cap\" viewBox=\"0 0 640 512\" xmlns=\"http:\/\/www.w3.org\/2000\/svg\"><path d=\"M622.34 153.2L343.4 67.5c-15.2-4.67-31.6-4.67-46.79 0L17.66 153.2c-23.54 7.23-23.54 38.36 0 45.59l48.63 14.94c-10.67 13.19-17.23 29.28-17.88 46.9C38.78 266.15 32 276.11 32 288c0 10.78 5.68 19.85 13.86 25.65L20.33 428.53C18.11 438.52 25.71 448 35.94 448h56.11c10.24 0 17.84-9.48 15.62-19.47L82.14 313.65C90.32 307.85 96 298.78 96 288c0-11.57-6.47-21.25-15.66-26.87.76-15.02 8.44-28.3 20.69-36.72L296.6 284.5c9.06 2.78 26.44 6.25 46.79 0l278.95-85.7c23.55-7.24 23.55-38.36 0-45.6zM352.79 315.09c-28.53 8.76-52.84 3.92-65.59 0l-145.02-44.55L128 384c0 35.35 85.96 64 192 64s192-28.65 192-64l-14.18-113.47-145.03 44.56z\"><\/path><\/svg>\t\t\t\t<\/span>\n\t\t\t<\/div>\n\t\t\t\n\t\t\t\t\t\t<div class=\"elementor-icon-box-content\">\n\n\t\t\t\t\t\t\t\t\t<h3 class=\"elementor-icon-box-title\">\n\t\t\t\t\t\t<span  >\n\t\t\t\t\t\t\tUzman Akademisi\t\t\t\t\t\t<\/span>\n\t\t\t\t\t<\/h3>\n\t\t\t\t\n\t\t\t\t\t\t\t\t\t<p class=\"elementor-icon-box-description\">\n\t\t\t\t\t\tProfesyoneller ve aileler i\u00e7in bilimsel kan\u0131ta dayal\u0131 en g\u00fcncel e\u011fitim mod\u00fclleri ve uygulama rehberleri.\t\t\t\t\t<\/p>\n\t\t\t\t\n\t\t\t<\/div>\n\t\t\t\n\t\t<\/div>\n\t\t\t\t\t\t<\/div>\n\t\t\t\t\t<\/div>\n\t\t\t\t<\/div>\n\t\t<div class=\"elementor-element elementor-element-1c9983e e-flex e-con-boxed e-con e-parent\" data-id=\"1c9983e\" data-element_type=\"container\" data-e-type=\"container\">\n\t\t\t\t\t<div class=\"e-con-inner\">\n\t\t\t\t<div class=\"elementor-element elementor-element-8af9298 elementor-widget elementor-widget-text-editor\" data-id=\"8af9298\" data-element_type=\"widget\" data-e-type=\"widget\" data-widget_type=\"text-editor.default\">\n\t\t\t\t\t\t\t\t\t<h2>Otizme \u0130li\u015fkin En G\u00fcncel Haberler<\/h2>\t\t\t\t\t\t\t\t<\/div>\n\t\t\t\t<div class=\"elementor-element elementor-element-5058538 elementor-grid-eael-col-3 elementor-grid-tablet-eael-col-2 elementor-grid-mobile-eael-col-1 elementor-widget elementor-widget-eael-post-grid\" data-id=\"5058538\" data-element_type=\"widget\" data-e-type=\"widget\" data-settings=\"{&quot;eael_post_grid_columns&quot;:&quot;eael-col-3&quot;,&quot;eael_post_grid_columns_tablet&quot;:&quot;eael-col-2&quot;,&quot;eael_post_grid_columns_mobile&quot;:&quot;eael-col-1&quot;}\" data-widget_type=\"eael-post-grid.default\">\n\t\t\t\t\t<div id=\"eael-post-grid-5058538\" class=\"eael-post-grid-container\">\n            <div class=\"eael-post-grid eael-post-appender eael-post-appender-5058538 eael-post-grid-style-three\" data-layout-mode=\"masonry\"><article class=\"eael-grid-post  eael-post-grid-column eael-pg-post-202 category-uncategorized\" data-id=\"202\">\n        <div class=\"eael-grid-post-holder\">\n            <div class=\"eael-grid-post-holder-inner\"><div class=\"eael-entry-media\"><div class=\"eael-entry-overlay fade-in\"><i class=\"fas fa-long-arrow-alt-right\" aria-hidden=\"true\"><\/i><a href=\"https:\/\/otizmportali.com.tr\/index.php\/2026\/04\/27\/dijital-tani-araclari\/\"><\/a><\/div><div class=\"eael-entry-thumbnail \">\n                 <img fetchpriority=\"high\" decoding=\"async\" width=\"300\" height=\"200\" src=\"https:\/\/otizmportali.com.tr\/wp-content\/uploads\/2026\/04\/g23887c45a7d546b3aabe32170af28fff112d12b1fdf76c2e17739210c2195779bbb39879dbd3874172dab337c1112040417e5495a977a51affc5c218ba259c3f_1280-4402808-300x200.jpg\" class=\"attachment-medium size-medium wp-image-180\" alt=\"adult, ambulance, background, care, cheerful, laptop wallpaper, clinic, complaints, consultant, 4k wallpaper, consulting, diagnose, diagnosis, beautiful wallpaper, discussion, mac wallpaper, doctor, desktop backgrounds, equipment, full hd wallpaper, 4k wallpaper 1920x1080, exam, expertise, female, hand, health, healthcare, wallpaper 4k, hd wallpaper, healthy, wallpaper hd, free wallpaper, history, hospital, blue health, windows wallpaper, cool backgrounds, blue hospital, blue healthy, blue doctors, free background, blue history, blue care, blue healthcare\" srcset=\"https:\/\/otizmportali.com.tr\/wp-content\/uploads\/2026\/04\/g23887c45a7d546b3aabe32170af28fff112d12b1fdf76c2e17739210c2195779bbb39879dbd3874172dab337c1112040417e5495a977a51affc5c218ba259c3f_1280-4402808-300x200.jpg 300w, https:\/\/otizmportali.com.tr\/wp-content\/uploads\/2026\/04\/g23887c45a7d546b3aabe32170af28fff112d12b1fdf76c2e17739210c2195779bbb39879dbd3874172dab337c1112040417e5495a977a51affc5c218ba259c3f_1280-4402808-1024x683.jpg 1024w, https:\/\/otizmportali.com.tr\/wp-content\/uploads\/2026\/04\/g23887c45a7d546b3aabe32170af28fff112d12b1fdf76c2e17739210c2195779bbb39879dbd3874172dab337c1112040417e5495a977a51affc5c218ba259c3f_1280-4402808-768x512.jpg 768w, https:\/\/otizmportali.com.tr\/wp-content\/uploads\/2026\/04\/g23887c45a7d546b3aabe32170af28fff112d12b1fdf76c2e17739210c2195779bbb39879dbd3874172dab337c1112040417e5495a977a51affc5c218ba259c3f_1280-4402808.jpg 1280w\" sizes=\"(max-width: 300px) 100vw, 300px\" \/>\n             <\/div>\n        <\/div><div class=\"eael-entry-wrapper\"><header class=\"eael-entry-header\"><h2 class=\"eael-entry-title\"><a class=\"eael-grid-post-link\" href=\"https:\/\/otizmportali.com.tr\/index.php\/2026\/04\/27\/dijital-tani-araclari\/\" title=\"Dijital Tan\u0131 Ara\u00e7lar\u0131\">Dijital Tan\u0131 Ara\u00e7lar\u0131<\/a><\/h2><\/header><div class=\"eael-entry-meta\"><span class=\"eael-posted-by\"><a href=\"https:\/\/otizmportali.com.tr\/index.php\/author\/eskemre\/\" title=\"Posts by admin\" rel=\"author\">admin<\/a><\/span><span class=\"eael-posted-on\"><time datetime=\"Nisan 27, 2026\">Nisan 27, 2026<\/time><\/span><\/div><div class=\"eael-entry-content\">\n                        <div class=\"eael-grid-post-excerpt\"><p>Tan\u0131lamada en g\u00fcncel yakla\u015f\u0131mlar\u0131n neler oldu\u011funa bir g\u00f6z atal\u0131m.<\/p><a href=\"https:\/\/otizmportali.com.tr\/index.php\/2026\/04\/27\/dijital-tani-araclari\/\" class=\"eael-post-elements-readmore-btn\">Devam\u0131nu oku<\/a><\/div>\n                    <\/div><\/div><\/div>\n        <\/div>\n    <\/article><article class=\"eael-grid-post  eael-post-grid-column eael-pg-post-200 category-uncategorized\" data-id=\"200\">\n        <div class=\"eael-grid-post-holder\">\n            <div class=\"eael-grid-post-holder-inner\"><div class=\"eael-entry-media\"><div class=\"eael-entry-overlay fade-in\"><i class=\"fas fa-long-arrow-alt-right\" aria-hidden=\"true\"><\/i><a href=\"https:\/\/otizmportali.com.tr\/index.php\/2026\/04\/27\/genetik-tarama-rehberi\/\"><\/a><\/div><div class=\"eael-entry-thumbnail \">\n                 <img decoding=\"async\" width=\"300\" height=\"169\" src=\"https:\/\/otizmportali.com.tr\/wp-content\/uploads\/2026\/04\/pexels-photo-25626509-25626509-300x169.jpg\" class=\"attachment-medium size-medium wp-image-126\" alt=\"Colorful abstract representation of molecular structures with 3D spheres and connections.\" srcset=\"https:\/\/otizmportali.com.tr\/wp-content\/uploads\/2026\/04\/pexels-photo-25626509-25626509-300x169.jpg 300w, https:\/\/otizmportali.com.tr\/wp-content\/uploads\/2026\/04\/pexels-photo-25626509-25626509-1024x576.jpg 1024w, https:\/\/otizmportali.com.tr\/wp-content\/uploads\/2026\/04\/pexels-photo-25626509-25626509-768x432.jpg 768w, https:\/\/otizmportali.com.tr\/wp-content\/uploads\/2026\/04\/pexels-photo-25626509-25626509-1536x864.jpg 1536w, https:\/\/otizmportali.com.tr\/wp-content\/uploads\/2026\/04\/pexels-photo-25626509-25626509-2048x1152.jpg 2048w\" sizes=\"(max-width: 300px) 100vw, 300px\" \/>\n             <\/div>\n        <\/div><div class=\"eael-entry-wrapper\"><header class=\"eael-entry-header\"><h2 class=\"eael-entry-title\"><a class=\"eael-grid-post-link\" href=\"https:\/\/otizmportali.com.tr\/index.php\/2026\/04\/27\/genetik-tarama-rehberi\/\" title=\"Genetik Tarama Rehberi\">Genetik Tarama Rehberi<\/a><\/h2><\/header><div class=\"eael-entry-meta\"><span class=\"eael-posted-by\"><a href=\"https:\/\/otizmportali.com.tr\/index.php\/author\/eskemre\/\" title=\"Posts by admin\" rel=\"author\">admin<\/a><\/span><span class=\"eael-posted-on\"><time datetime=\"Nisan 27, 2026\">Nisan 27, 2026<\/time><\/span><\/div><div class=\"eael-entry-content\">\n                        <div class=\"eael-grid-post-excerpt\"><p>Genelre ili\u015fkin g\u00fcncel \u00e7al\u0131\u015fmalar bize neler s\u00f6ylemekte?<\/p><a href=\"https:\/\/otizmportali.com.tr\/index.php\/2026\/04\/27\/genetik-tarama-rehberi\/\" class=\"eael-post-elements-readmore-btn\">Devam\u0131nu oku<\/a><\/div>\n                    <\/div><\/div><\/div>\n        <\/div>\n    <\/article><article class=\"eael-grid-post  eael-post-grid-column eael-pg-post-198 category-uncategorized\" data-id=\"198\">\n        <div class=\"eael-grid-post-holder\">\n            <div class=\"eael-grid-post-holder-inner\"><div class=\"eael-entry-media\"><div class=\"eael-entry-overlay fade-in\"><i class=\"fas fa-long-arrow-alt-right\" aria-hidden=\"true\"><\/i><a href=\"https:\/\/otizmportali.com.tr\/index.php\/2026\/04\/27\/princeton-2025-otizmde-yeni-klinik-yaklasimlar\/\"><\/a><\/div><div class=\"eael-entry-thumbnail \">\n                 <img decoding=\"async\" width=\"300\" height=\"169\" src=\"https:\/\/otizmportali.com.tr\/wp-content\/uploads\/2026\/04\/pexels-photo-12489164-12489164-300x169.jpg\" class=\"attachment-medium size-medium wp-image-181\" alt=\"Abstract 3D figure composed of red and blue elements, symbolizing balance and unity.\" srcset=\"https:\/\/otizmportali.com.tr\/wp-content\/uploads\/2026\/04\/pexels-photo-12489164-12489164-300x169.jpg 300w, https:\/\/otizmportali.com.tr\/wp-content\/uploads\/2026\/04\/pexels-photo-12489164-12489164-1024x576.jpg 1024w, https:\/\/otizmportali.com.tr\/wp-content\/uploads\/2026\/04\/pexels-photo-12489164-12489164-768x432.jpg 768w, https:\/\/otizmportali.com.tr\/wp-content\/uploads\/2026\/04\/pexels-photo-12489164-12489164-1536x864.jpg 1536w, https:\/\/otizmportali.com.tr\/wp-content\/uploads\/2026\/04\/pexels-photo-12489164-12489164-2048x1152.jpg 2048w\" sizes=\"(max-width: 300px) 100vw, 300px\" \/>\n             <\/div>\n        <\/div><div class=\"eael-entry-wrapper\"><header class=\"eael-entry-header\"><h2 class=\"eael-entry-title\"><a class=\"eael-grid-post-link\" href=\"https:\/\/otizmportali.com.tr\/index.php\/2026\/04\/27\/princeton-2025-otizmde-yeni-klinik-yaklasimlar\/\" title=\"Princeton 2025: Otizmde Yeni Klinik Yakla\u015f\u0131mlar\">Princeton 2025: Otizmde Yeni Klinik Yakla\u015f\u0131mlar<\/a><\/h2><\/header><div class=\"eael-entry-meta\"><span class=\"eael-posted-by\"><a href=\"https:\/\/otizmportali.com.tr\/index.php\/author\/eskemre\/\" title=\"Posts by admin\" rel=\"author\">admin<\/a><\/span><span class=\"eael-posted-on\"><time datetime=\"Nisan 27, 2026\">Nisan 27, 2026<\/time><\/span><\/div><div class=\"eael-entry-content\">\n                        <div class=\"eael-grid-post-excerpt\"><p>Otizme ili\u015fkin g\u00fcncel \u00e7al\u0131\u015fmalar bize neler s\u00f6yl\u00fcyor? Haydi birlikte inceleyelim.<\/p><a href=\"https:\/\/otizmportali.com.tr\/index.php\/2026\/04\/27\/princeton-2025-otizmde-yeni-klinik-yaklasimlar\/\" class=\"eael-post-elements-readmore-btn\">Devam\u0131nu oku<\/a><\/div>\n                    <\/div><\/div><\/div>\n        <\/div>\n    <\/article><\/div>\n            <div class=\"clearfix\"><\/div>\n        <\/div>\t\t\t\t<\/div>\n\t\t\t\t\t<\/div>\n\t\t\t\t<\/div>\n\t\t<div class=\"elementor-element elementor-element-81cf7ea e-flex e-con-boxed e-con e-parent\" data-id=\"81cf7ea\" data-element_type=\"container\" data-e-type=\"container\" data-settings=\"{&quot;background_background&quot;:&quot;classic&quot;}\">\n\t\t\t\t\t<div class=\"e-con-inner\">\n\t\t\t\t\t\t\t<h3 \n\t\tdata-interaction-id=\"2dc2273\" \n\t\tclass=\"e-2dc2273-2879500 e-heading-base\" \n\t\t \n\t\t\n\t>\n\t\n\t\t\tOT\u0130ZM PORTALI\n\t\t<\/h3>\n\t\t\t\t<div class=\"elementor-element elementor-element-4807e61 elementor-widget elementor-widget-heading\" data-id=\"4807e61\" data-element_type=\"widget\" data-e-type=\"widget\" data-widget_type=\"heading.default\">\n\t\t\t\t\t<h4 class=\"elementor-heading-title elementor-size-default\">\"Otizmde bilimsel verinin, genetik ara\u015ft\u0131rmalar\u0131n ve g\u00fcncel haberlerin merkezi\"<\/h4>\t\t\t\t<\/div>\n\t\t\t\t<div class=\"elementor-element elementor-element-bb6b7f1 elementor-shape-rounded elementor-grid-0 e-grid-align-center elementor-widget elementor-widget-social-icons\" data-id=\"bb6b7f1\" data-element_type=\"widget\" data-e-type=\"widget\" data-widget_type=\"social-icons.default\">\n\t\t\t\t\t\t\t<div class=\"elementor-social-icons-wrapper elementor-grid\" role=\"list\">\n\t\t\t\t\t\t\t<span class=\"elementor-grid-item\" role=\"listitem\">\n\t\t\t\t\t<a class=\"elementor-icon elementor-social-icon elementor-social-icon-facebook elementor-repeater-item-f386138\" target=\"_blank\">\n\t\t\t\t\t\t<span class=\"elementor-screen-only\">Facebook<\/span>\n\t\t\t\t\t\t<svg aria-hidden=\"true\" class=\"e-font-icon-svg e-fab-facebook\" viewBox=\"0 0 512 512\" xmlns=\"http:\/\/www.w3.org\/2000\/svg\"><path d=\"M504 256C504 119 393 8 256 8S8 119 8 256c0 123.78 90.69 226.38 209.25 245V327.69h-63V256h63v-54.64c0-62.15 37-96.48 93.67-96.48 27.14 0 55.52 4.84 55.52 4.84v61h-31.28c-30.8 0-40.41 19.12-40.41 38.73V256h68.78l-11 71.69h-57.78V501C413.31 482.38 504 379.78 504 256z\"><\/path><\/svg>\t\t\t\t\t<\/a>\n\t\t\t\t<\/span>\n\t\t\t\t\t\t\t<span class=\"elementor-grid-item\" role=\"listitem\">\n\t\t\t\t\t<a class=\"elementor-icon elementor-social-icon elementor-social-icon-x-twitter elementor-repeater-item-2697442\" target=\"_blank\">\n\t\t\t\t\t\t<span class=\"elementor-screen-only\">X-twitter<\/span>\n\t\t\t\t\t\t<svg aria-hidden=\"true\" class=\"e-font-icon-svg e-fab-x-twitter\" viewBox=\"0 0 512 512\" xmlns=\"http:\/\/www.w3.org\/2000\/svg\"><path d=\"M389.2 48h70.6L305.6 224.2 487 464H345L233.7 318.6 106.5 464H35.8L200.7 275.5 26.8 48H172.4L272.9 180.9 389.2 48zM364.4 421.8h39.1L151.1 88h-42L364.4 421.8z\"><\/path><\/svg>\t\t\t\t\t<\/a>\n\t\t\t\t<\/span>\n\t\t\t\t\t\t\t<span class=\"elementor-grid-item\" role=\"listitem\">\n\t\t\t\t\t<a class=\"elementor-icon elementor-social-icon elementor-social-icon-youtube elementor-repeater-item-1557965\" target=\"_blank\">\n\t\t\t\t\t\t<span class=\"elementor-screen-only\">Youtube<\/span>\n\t\t\t\t\t\t<svg aria-hidden=\"true\" class=\"e-font-icon-svg e-fab-youtube\" viewBox=\"0 0 576 512\" xmlns=\"http:\/\/www.w3.org\/2000\/svg\"><path d=\"M549.655 124.083c-6.281-23.65-24.787-42.276-48.284-48.597C458.781 64 288 64 288 64S117.22 64 74.629 75.486c-23.497 6.322-42.003 24.947-48.284 48.597-11.412 42.867-11.412 132.305-11.412 132.305s0 89.438 11.412 132.305c6.281 23.65 24.787 41.5 48.284 47.821C117.22 448 288 448 288 448s170.78 0 213.371-11.486c23.497-6.321 42.003-24.171 48.284-47.821 11.412-42.867 11.412-132.305 11.412-132.305s0-89.438-11.412-132.305zm-317.51 213.508V175.185l142.739 81.205-142.739 81.201z\"><\/path><\/svg>\t\t\t\t\t<\/a>\n\t\t\t\t<\/span>\n\t\t\t\t\t<\/div>\n\t\t\t\t\t\t<\/div>\n\t\t\t\t<div class=\"elementor-element elementor-element-984a325 elementor-widget-divider--view-line elementor-widget elementor-widget-divider\" data-id=\"984a325\" data-element_type=\"widget\" data-e-type=\"widget\" data-widget_type=\"divider.default\">\n\t\t\t\t\t\t\t<div class=\"elementor-divider\">\n\t\t\t<span class=\"elementor-divider-separator\">\n\t\t\t\t\t\t<\/span>\n\t\t<\/div>\n\t\t\t\t\t\t<\/div>\n\t\t\t\t<div class=\"elementor-element elementor-element-649a110 elementor-widget elementor-widget-text-editor\" data-id=\"649a110\" data-element_type=\"widget\" data-e-type=\"widget\" data-widget_type=\"text-editor.default\">\n\t\t\t\t\t\t\t\t\t<p>\u00a9 2026 Otizm Portal\u0131. T\u00fcm Haklar\u0131 Sakl\u0131d\u0131r.<\/p>\t\t\t\t\t\t\t\t<\/div>\n\t\t\t\t\t<\/div>\n\t\t\t\t<\/div>\n\t\t\t\t<\/div>\n\t\t","protected":false},"excerpt":{"rendered":"<p>Otizmin Gelece\u011fine Bilimsel\u00a0 Bir Bak\u0131\u015f 4 Biyolojik Alttip Princeton 2025 verileriyle motor, dil, duyusal ve sosyal grupland\u0131rma. 230 Gen Haritas\u0131 [&hellip;]<\/p>\n","protected":false},"author":1,"featured_media":0,"parent":0,"menu_order":0,"comment_status":"closed","ping_status":"closed","template":"","meta":{"site-sidebar-layout":"default","site-content-layout":"","ast-site-content-layout":"default","site-content-style":"default","site-sidebar-style":"default","ast-global-header-display":"","ast-banner-title-visibility":"","ast-main-header-display":"","ast-hfb-above-header-display":"","ast-hfb-below-header-display":"","ast-hfb-mobile-header-display":"","site-post-title":"disabled","ast-breadcrumbs-content":"","ast-featured-img":"","footer-sml-layout":"","ast-disable-related-posts":"","theme-transparent-header-meta":"","adv-header-id-meta":"","stick-header-meta":"","header-above-stick-meta":"","header-main-stick-meta":"","header-below-stick-meta":"","astra-migrate-meta-layouts":"default","ast-page-background-enabled":"default","ast-page-background-meta":{"desktop":{"background-color":"var(--ast-global-color-5)","background-image":"","background-repeat":"repeat","background-position":"center center","background-size":"auto","background-attachment":"scroll","background-type":"","background-media":"","overlay-type":"","overlay-color":"","overlay-opacity":"","overlay-gradient":""},"tablet":{"background-color":"","background-image":"","background-repeat":"repeat","background-position":"center center","background-size":"auto","background-attachment":"scroll","background-type":"","background-media":"","overlay-type":"","overlay-color":"","overlay-opacity":"","overlay-gradient":""},"mobile":{"background-color":"","background-image":"","background-repeat":"repeat","background-position":"center center","background-size":"auto","background-attachment":"scroll","background-type":"","background-media":"","overlay-type":"","overlay-color":"","overlay-opacity":"","overlay-gradient":""}},"ast-content-background-meta":{"desktop":{"background-color":"var(--ast-global-color-4)","background-image":"","background-repeat":"repeat","background-position":"center center","background-size":"auto","background-attachment":"scroll","background-type":"","background-media":"","overlay-type":"","overlay-color":"","overlay-opacity":"","overlay-gradient":""},"tablet":{"background-color":"var(--ast-global-color-4)","background-image":"","background-repeat":"repeat","background-position":"center center","background-size":"auto","background-attachment":"scroll","background-type":"","background-media":"","overlay-type":"","overlay-color":"","overlay-opacity":"","overlay-gradient":""},"mobile":{"background-color":"var(--ast-global-color-4)","background-image":"","background-repeat":"repeat","background-position":"center center","background-size":"auto","background-attachment":"scroll","background-type":"","background-media":"","overlay-type":"","overlay-color":"","overlay-opacity":"","overlay-gradient":""}},"footnotes":""},"class_list":["post-110","page","type-page","status-publish","hentry"],"_links":{"self":[{"href":"https:\/\/otizmportali.com.tr\/index.php\/wp-json\/wp\/v2\/pages\/110","targetHints":{"allow":["GET"]}}],"collection":[{"href":"https:\/\/otizmportali.com.tr\/index.php\/wp-json\/wp\/v2\/pages"}],"about":[{"href":"https:\/\/otizmportali.com.tr\/index.php\/wp-json\/wp\/v2\/types\/page"}],"author":[{"embeddable":true,"href":"https:\/\/otizmportali.com.tr\/index.php\/wp-json\/wp\/v2\/users\/1"}],"replies":[{"embeddable":true,"href":"https:\/\/otizmportali.com.tr\/index.php\/wp-json\/wp\/v2\/comments?post=110"}],"version-history":[{"count":90,"href":"https:\/\/otizmportali.com.tr\/index.php\/wp-json\/wp\/v2\/pages\/110\/revisions"}],"predecessor-version":[{"id":233,"href":"https:\/\/otizmportali.com.tr\/index.php\/wp-json\/wp\/v2\/pages\/110\/revisions\/233"}],"wp:attachment":[{"href":"https:\/\/otizmportali.com.tr\/index.php\/wp-json\/wp\/v2\/media?parent=110"}],"curies":[{"name":"wp","href":"https:\/\/api.w.org\/{rel}","templated":true}]}}